{"id":1574,"date":"2024-09-12T00:59:19","date_gmt":"2024-09-11T22:59:19","guid":{"rendered":"https:\/\/ngref-group.com\/?page_id=1574"},"modified":"2026-01-18T13:03:13","modified_gmt":"2026-01-18T12:03:13","slug":"service","status":"publish","type":"page","link":"https:\/\/ngref-group.com\/fr\/service\/","title":{"rendered":"Services"},"content":{"rendered":"\n<div class=\"wp-block-group alignfull has-primary-white-color has-primary-orange-background-color has-text-color has-background has-link-color wp-elements-2a6045f1f9f5d8bf76acc56f891ed97c is-layout-constrained wp-block-group-is-layout-constrained\"><div class=\"wp-block-group__inner-container\">\n<div class=\"wp-block-columns is-style-hero is-layout-flex wp-container-core-columns-is-layout-9d6595d7 wp-block-columns-is-layout-flex\">\n<div class=\"wp-block-column is-vertically-aligned-stretch is-style-hero-left is-layout-flow wp-block-column-is-layout-flow\"><h1 class=\"wp-block-post-title\">Services<\/h1><\/div>\n\n\n\n<div class=\"wp-block-column is-style-decor-3 is-layout-flow wp-block-column-is-layout-flow\"><\/div>\n\n\n\n<div class=\"wp-block-column is-vertically-aligned-stretch is-layout-flow wp-block-column-is-layout-flow\">\n<p>Notre offre s&#8217;adresse aux clients du monde entier. Nous proposons des services d&#8217;installation et de maintenance de qualit\u00e9 si bien que les produits NGR&nbsp;EF garantissent un niveau de s\u00e9curit\u00e9 optimal tout au long de leur cycle de vie.<\/p>\n\n\n\n<div class=\"wp-block-buttons is-content-justification-right is-layout-flex wp-container-core-buttons-is-layout-765c4724 wp-block-buttons-is-layout-flex\">\n<div class=\"wp-block-button\"><a class=\"wp-block-button__link wp-element-button\" href=\"#zamow-usluge\">Commander un service<\/a><\/div>\n<\/div>\n<\/div>\n<\/div>\n<\/div><\/div>\n\n\n\n<div class=\"wp-block-group is-style-v-wide has-gray-background-color has-background is-layout-constrained wp-block-group-is-layout-constrained\"><div class=\"wp-block-group__inner-container\">\n<div class=\"wp-block-columns is-style-hero is-layout-flex wp-container-core-columns-is-layout-9d6595d7 wp-block-columns-is-layout-flex\">\n<div class=\"wp-block-column is-style-hero-left-wide is-layout-flow wp-block-column-is-layout-flow\">\n<h2 class=\"wp-block-heading\">POSE, SERVICE GARANTIE ET POST-GARANTIE<\/h2>\n<\/div>\n\n\n\n<div class=\"wp-block-column is-layout-constrained wp-block-column-is-layout-constrained\">\n<p>La maintenance des portes et rideaux coupe-feu est un \u00e9l\u00e9ment cl\u00e9 pour garantir leur fiabilit\u00e9 et leur bon fonctionnement. Un service ad\u00e9quat permet de maintenir un niveau stable de s\u00e9curit\u00e9 et de rester conforme \u00e0 la r\u00e9glementation en vigueur.<\/p>\n<\/div>\n<\/div>\n<\/div><\/div>\n\n\n\n<div class=\"wp-block-columns is-style-form is-layout-flex wp-container-core-columns-is-layout-9d6595d7 wp-block-columns-is-layout-flex\" id=\"zamow-usluge\">\n<div class=\"wp-block-column is-layout-flow wp-block-column-is-layout-flow\">\n<h2 class=\"wp-block-heading\">COMMANDER UN SERVICE<\/h2>\n\n\n\n<p><strong>Avez-vous besoin d&#8217;informations suppl\u00e9mentaires sur nos services ?<\/strong> <strong>Souhaitez-vous en demander un<\/strong>&nbsp;<strong>?<\/strong><\/p>\n\n\n\n<p>Prenez contact avec notre conseiller.<\/p>\n\n\n\n<p class=\"has-regular-font-size\">Bart\u0142omiej Kamrowski<\/p>\n\n\n\n<div class=\"wp-block-buttons is-vertical is-layout-flex wp-container-core-buttons-is-layout-8cf370e7 wp-block-buttons-is-layout-flex\">\n<div class=\"wp-block-button\"><a class=\"wp-block-button__link wp-element-button\" href=\"tel:+48883390006\" target=\"_blank\" rel=\"noreferrer noopener\">+48 883 390 006<\/a><\/div>\n\n\n\n<div class=\"wp-block-button\"><a class=\"wp-block-button__link wp-element-button\" href=\"mailto:serwis@ngr-technologie.eu\" target=\"_blank\" rel=\"noreferrer noopener\">serwis@ngr-technologie.eu<\/a><\/div>\n<\/div>\n<\/div>\n\n\n\n<div class=\"wp-block-column is-layout-flow wp-block-column-is-layout-flow\">\n<div class=\"wp-block-contact-form-7-contact-form-selector is-style-box\">\n<div class=\"wpcf7 no-js\" id=\"wpcf7-f1996-o1\" lang=\"fr-FR\" dir=\"ltr\" data-wpcf7-id=\"1996\">\n<div class=\"screen-reader-response\"><p role=\"status\" aria-live=\"polite\" aria-atomic=\"true\"><\/p> <ul><\/ul><\/div>\n<form action=\"\/fr\/wp-json\/wp\/v2\/pages\/1574#wpcf7-f1996-o1\" method=\"post\" class=\"wpcf7-form init\" id=\"kontakt\" aria-label=\"Contact form\" novalidate=\"novalidate\" data-status=\"init\">\n<fieldset class=\"hidden-fields-container\"><input type=\"hidden\" name=\"_wpcf7\" value=\"1996\" \/><input type=\"hidden\" name=\"_wpcf7_version\" value=\"6.1.5\" \/><input type=\"hidden\" name=\"_wpcf7_locale\" value=\"fr_FR\" \/><input type=\"hidden\" name=\"_wpcf7_unit_tag\" value=\"wpcf7-f1996-o1\" \/><input type=\"hidden\" name=\"_wpcf7_container_post\" value=\"0\" \/><input type=\"hidden\" name=\"_wpcf7_posted_data_hash\" value=\"\" \/>\n<\/fieldset>\n<h2>\n\t\t\u00c9crivez-nous\n<\/h2>\n<span class=\"wpcf7-form-control-wrap\" data-name=\"your-name\"><input size=\"40\" maxlength=\"400\" class=\"wpcf7-form-control wpcf7-text wpcf7-validates-as-required\" autocomplete=\"name\" aria-required=\"true\" aria-invalid=\"false\" placeholder=\"NOM et pr\u00e9nom*\" value=\"\" type=\"text\" name=\"your-name\" \/><\/span>\n<span class=\"wpcf7-form-control-wrap\" data-name=\"your-email\"><input size=\"40\" maxlength=\"400\" class=\"wpcf7-form-control wpcf7-email wpcf7-validates-as-required wpcf7-text wpcf7-validates-as-email\" autocomplete=\"email\" aria-required=\"true\" aria-invalid=\"false\" placeholder=\"E-mail*\" value=\"\" type=\"email\" name=\"your-email\" \/><\/span>\n<span class=\"wpcf7-form-control-wrap\" data-name=\"your-subject\"><input size=\"40\" maxlength=\"400\" class=\"wpcf7-form-control wpcf7-text wpcf7-validates-as-required\" aria-required=\"true\" aria-invalid=\"false\" placeholder=\"Sujet*\" value=\"\" type=\"text\" name=\"your-subject\" \/><\/span>\n<span class=\"wpcf7-form-control-wrap\" data-name=\"your-message\"><textarea cols=\"40\" rows=\"10\" maxlength=\"2000\" class=\"wpcf7-form-control wpcf7-textarea wpcf7-validates-as-required\" aria-required=\"true\" aria-invalid=\"false\" placeholder=\"Message*\" name=\"your-message\"><\/textarea><\/span>\n<small>\n<span class=\"wpcf7-form-control-wrap\" data-name=\"acceptance-10\"><span class=\"wpcf7-form-control wpcf7-acceptance\"><span class=\"wpcf7-list-item\"><label><input type=\"checkbox\" name=\"acceptance-10\" value=\"1\" aria-invalid=\"false\" \/><span class=\"wpcf7-list-item-label\">* J\u2019accepte la <a href=\"https:\/\/ngref-group.com\/fr\/politique-de-confidentialite\/\">Politique de confidentialit\u00e9<\/a><\/span><\/label><\/span><\/span><\/span>\n\n<span class=\"wpcf7-form-control-wrap\" data-name=\"acceptance-11\"><span class=\"wpcf7-form-control wpcf7-acceptance optional\"><span class=\"wpcf7-list-item\"><label><input type=\"checkbox\" name=\"acceptance-11\" value=\"1\" aria-invalid=\"false\" \/><span class=\"wpcf7-list-item-label\">** J\u2019autorise NGR Technologie sp. z o.o. \u00e0 utiliser mes donn\u00e9es personnelles pour l\u2019envoi d\u2019informations commerciales sur ses produits et services par courriel.<\/span><\/label><\/span><\/span><\/span>\n\n<span class=\"wpcf7-form-control-wrap\" data-name=\"acceptance-12\"><span class=\"wpcf7-form-control wpcf7-acceptance optional\"><span class=\"wpcf7-list-item\"><label><input type=\"checkbox\" name=\"acceptance-12\" value=\"1\" aria-invalid=\"false\" \/><span class=\"wpcf7-list-item-label\">** J\u2019autorise NGR Technologie sp. z o.o. \u00e0 utiliser mes donn\u00e9es personnelles pour me pr\u00e9senter des informations commerciales sur ses produits et services par voie t\u00e9l\u00e9phonique.<\/span><\/label><\/span><\/span><\/span>\n\n<span class=\"wpcf7-form-control-wrap\" data-name=\"acceptance-13\"><span class=\"wpcf7-form-control wpcf7-acceptance optional\"><span class=\"wpcf7-list-item\"><label><input type=\"checkbox\" name=\"acceptance-13\" value=\"1\" aria-invalid=\"false\" \/><span class=\"wpcf7-list-item-label\">** J\u2019autorise NGR Technologie sp. z o.o. \u00e0 transmettre mes donn\u00e9es personnelles saisies dans le pr\u00e9sent formulaire \u00e0 EF Polska sp. z o.o.  dans le but de recevoir une offre commerciale.<\/span><\/label><\/span><\/span><\/span>\n\n<p>* Champ(s) obligatoire(s) ** Champ(s) facultatif(s).<\/p>\n<p>** Vous \u00eates libres de ne pas donner votre autorisation. <b>Or, sans votre accord, nous serons incapables de vous fournir des informations sur notre offre de services.<\/b> Le consentement peut \u00eatre retir\u00e9 \u00e0 tout moment par l\u2019envoi d\u2019une d\u00e9claration \u00e0 l\u2019adresse mail suivante : biuro@ngr-technologie.eu.<\/p>\n<\/small>\n<input class=\"wpcf7-form-control wpcf7-submit has-spinner\" type=\"submit\" value=\"Envoyer\" \/><input type=\"hidden\" id=\"ct_checkjs_cf7_59b90e1005a220e2ebc542eb9d950b1e\" name=\"ct_checkjs_cf7\" value=\"0\" \/><script >setTimeout(function(){var ct_input_name = \"ct_checkjs_cf7_59b90e1005a220e2ebc542eb9d950b1e\";if (document.getElementById(ct_input_name) !== null) {var ct_input_value = document.getElementById(ct_input_name).value;document.getElementById(ct_input_name).value = document.getElementById(ct_input_name).value.replace(ct_input_value, '2111322730');}}, 1000);<\/script><input\n                    class=\"apbct_special_field apbct_email_id__wp_contact_form_7\"\n                    name=\"apbct__email_id__wp_contact_form_7\"\n                    aria-label=\"apbct__label_id__wp_contact_form_7\"\n                    type=\"text\" size=\"30\" maxlength=\"200\" autocomplete=\"off\"\n                    value=\"\"\n                \/><div class=\"wpcf7-response-output\" aria-hidden=\"true\"><\/div>\n<\/form>\n<\/div>\n<\/div>\n<\/div>\n<\/div>\n\n\n\n<p><\/p>\n","protected":false},"excerpt":{"rendered":"<p>Notre offre s&#8217;adresse aux clients du monde entier. Nous proposons des services d&#8217;installation et de maintenance de qualit\u00e9 si bien que les produits NGR&nbsp;EF garantissent un niveau de s\u00e9curit\u00e9 optimal tout au long de leur cycle de vie. POSE, SERVICE GARANTIE ET POST-GARANTIE La maintenance des portes et rideaux coupe-feu est un \u00e9l\u00e9ment cl\u00e9 pour [&hellip;]<\/p>\n","protected":false},"author":4,"featured_media":0,"parent":0,"menu_order":0,"comment_status":"closed","ping_status":"closed","template":"","meta":{"_acf_changed":false,"footnotes":""},"class_list":["post-1574","page","type-page","status-publish","hentry"],"acf":[],"aioseo_notices":[],"_links":{"self":[{"href":"https:\/\/ngref-group.com\/fr\/wp-json\/wp\/v2\/pages\/1574","targetHints":{"allow":["GET"]}}],"collection":[{"href":"https:\/\/ngref-group.com\/fr\/wp-json\/wp\/v2\/pages"}],"about":[{"href":"https:\/\/ngref-group.com\/fr\/wp-json\/wp\/v2\/types\/page"}],"author":[{"embeddable":true,"href":"https:\/\/ngref-group.com\/fr\/wp-json\/wp\/v2\/users\/4"}],"replies":[{"embeddable":true,"href":"https:\/\/ngref-group.com\/fr\/wp-json\/wp\/v2\/comments?post=1574"}],"version-history":[{"count":14,"href":"https:\/\/ngref-group.com\/fr\/wp-json\/wp\/v2\/pages\/1574\/revisions"}],"predecessor-version":[{"id":5796,"href":"https:\/\/ngref-group.com\/fr\/wp-json\/wp\/v2\/pages\/1574\/revisions\/5796"}],"wp:attachment":[{"href":"https:\/\/ngref-group.com\/fr\/wp-json\/wp\/v2\/media?parent=1574"}],"curies":[{"name":"wp","href":"https:\/\/api.w.org\/{rel}","templated":true}]}}