{"id":1786,"date":"2024-09-11T21:30:31","date_gmt":"2024-09-11T19:30:31","guid":{"rendered":"https:\/\/ngref-group.com\/?post_type=product&#038;p=1786"},"modified":"2025-02-21T15:40:22","modified_gmt":"2025-02-21T14:40:22","slug":"portes-coulissantes","status":"publish","type":"product","link":"https:\/\/ngref-group.com\/fr\/product\/portes-coulissantes\/","title":{"rendered":"Portes coulissantes"},"content":{"rendered":"\n<div class=\"wp-block-media-text has-media-on-the-right is-stacked-on-mobile\"><div class=\"wp-block-media-text__content\">\n<h2 class=\"wp-block-heading\">Portes coulissantes<\/h2>\n\n\n\n<p>La simplicit\u00e9 de fonctionnement et la fiabilit\u00e9 sont les caract\u00e9ristiques majeures de nos portes coulissantes.<\/p>\n\n\n\n<p>Elles ont toutes \u00e9t\u00e9 test\u00e9es suivant les normes EN&nbsp;16034 et EN&nbsp;13241 et poss\u00e8dent des certificats de constance des perfomances (CE). En fonction du produit, les classes de r\u00e9sistance au feu EI&nbsp;de 60 \u00e0 240&nbsp;minutes sont prononc\u00e9es. <\/p>\n\n\n\n<p>Proposant un \u00e9ventail de types de portes et d&#8217;options de finition, nous pouvons adapter nos coulissantes aux besoins des clients et aux exigences du projet.<\/p>\n\n\n\n<p>Conform\u00e9ment aux directives de s\u00e9curit\u00e9 incendie, la fermeture des portes se fait par gravit\u00e9.<\/p>\n<\/div><figure class=\"wp-block-media-text__media\"><img loading=\"lazy\" decoding=\"async\" width=\"1340\" height=\"548\" src=\"https:\/\/ngref-group.com\/wp-content\/uploads\/2024\/10\/bramy-przesuwane-1.png\" alt=\"\" class=\"wp-image-455 size-full\" srcset=\"https:\/\/ngref-group.com\/wp-content\/uploads\/2024\/10\/bramy-przesuwane-1.png 1340w, https:\/\/ngref-group.com\/wp-content\/uploads\/2024\/10\/bramy-przesuwane-1-768x314.png 768w\" sizes=\"auto, (max-width: 1340px) 100vw, 1340px\" \/><\/figure><\/div>\n\n\n\n<div class=\"wp-block-columns is-layout-flex wp-container-core-columns-is-layout-9d6595d7 wp-block-columns-is-layout-flex\">\n<div class=\"wp-block-column is-layout-flow wp-block-column-is-layout-flow\" style=\"flex-basis:45%\">\n<h3 class=\"wp-block-heading\">SOLUTION POUR&nbsp;:<\/h3>\n\n\n\n<ul class=\"wp-block-list\">\n<li>\u00c9tablissements commerciaux et industriels<\/li>\n\n\n\n<li>Centres de distribution logistique<\/li>\n\n\n\n<li>Parkings souterrains<\/li>\n\n\n\n<li>Immeubles de grande surface<\/li>\n<\/ul>\n<\/div>\n\n\n\n<div class=\"wp-block-column is-layout-flow wp-block-column-is-layout-flow\" style=\"flex-basis:55%\">\n<h3 class=\"wp-block-heading\">NOS PORTES COULISSANTES :<\/h3>\n\n\n<ul class=\"child-pages\">\n\n    <li class=\"child-pages__item\">\n    <a class=\"button button--small button--outline is-download\" href=\"https:\/\/ngref-group.com\/fr\/product\/portes-coulissantes\/portails-coulissants-a-un-vantail-de-classe-de-resistance-au-feu-ei-60-et-ei-120\/\"\n      title=\"Portes coulissantes \u00e0 un vantail, classes EI\u00a060 et EI\u00a0120\">\n      <span>Portes coulissantes \u00e0 un vantail, classes EI\u00a060 et EI\u00a0120<\/span>\n      <svg>\n        <use href=\"#icon-arrow-left\"><\/use>\n      <\/svg>\n    <\/a>\n  <\/li>\n    <li class=\"child-pages__item\">\n    <a class=\"button button--small button--outline is-download\" href=\"https:\/\/ngref-group.com\/fr\/product\/portes-coulissantes\/portes-coulissantes-multi-vantaux-en-classe-ei60-et-ei120\/\"\n      title=\"Portes coulissantes \u00e0 plusieurs vantaux, classes EI\u00a060 et EI\u00a0120\">\n      <span>Portes coulissantes \u00e0 plusieurs vantaux, classes EI\u00a060 et EI\u00a0120<\/span>\n      <svg>\n        <use href=\"#icon-arrow-left\"><\/use>\n      <\/svg>\n    <\/a>\n  <\/li>\n    <li class=\"child-pages__item\">\n    <a class=\"button button--small button--outline is-download\" href=\"https:\/\/ngref-group.com\/fr\/product\/portes-coulissantes\/portes-coulissantes-a-un-vantail-en-classe-ei-180-et-ei-240\/\"\n      title=\"Portes coulissantes \u00e0 un vantail, classes EI\u00a0180 et EI\u00a0240\">\n      <span>Portes coulissantes \u00e0 un vantail, classes EI\u00a0180 et EI\u00a0240<\/span>\n      <svg>\n        <use href=\"#icon-arrow-left\"><\/use>\n      <\/svg>\n    <\/a>\n  <\/li>\n  <\/ul>\n\n\n<\/div>\n<\/div>\n","protected":false},"excerpt":{"rendered":"<p>Portes coulissantes La simplicit\u00e9 de fonctionnement et la fiabilit\u00e9 sont les caract\u00e9ristiques majeures de nos portes coulissantes. Elles ont toutes \u00e9t\u00e9 test\u00e9es suivant les normes EN&nbsp;16034 et EN&nbsp;13241 et poss\u00e8dent des certificats de constance des perfomances (CE). En fonction du produit, les classes de r\u00e9sistance au feu EI&nbsp;de 60 \u00e0 240&nbsp;minutes sont prononc\u00e9es. Proposant un [&hellip;]<\/p>\n","protected":false},"featured_media":1791,"parent":0,"menu_order":0,"template":"","meta":{"_acf_changed":false,"footnotes":""},"tags":[],"class_list":["post-1786","product","type-product","status-publish","has-post-thumbnail","hentry"],"acf":[],"aioseo_notices":[],"_links":{"self":[{"href":"https:\/\/ngref-group.com\/fr\/wp-json\/wp\/v2\/product\/1786","targetHints":{"allow":["GET"]}}],"collection":[{"href":"https:\/\/ngref-group.com\/fr\/wp-json\/wp\/v2\/product"}],"about":[{"href":"https:\/\/ngref-group.com\/fr\/wp-json\/wp\/v2\/types\/product"}],"version-history":[{"count":8,"href":"https:\/\/ngref-group.com\/fr\/wp-json\/wp\/v2\/product\/1786\/revisions"}],"predecessor-version":[{"id":4477,"href":"https:\/\/ngref-group.com\/fr\/wp-json\/wp\/v2\/product\/1786\/revisions\/4477"}],"wp:featuredmedia":[{"embeddable":true,"href":"https:\/\/ngref-group.com\/fr\/wp-json\/wp\/v2\/media\/1791"}],"wp:attachment":[{"href":"https:\/\/ngref-group.com\/fr\/wp-json\/wp\/v2\/media?parent=1786"}],"wp:term":[{"taxonomy":"post_tag","embeddable":true,"href":"https:\/\/ngref-group.com\/fr\/wp-json\/wp\/v2\/tags?post=1786"}],"curies":[{"name":"wp","href":"https:\/\/api.w.org\/{rel}","templated":true}]}}