{"id":1832,"date":"2024-10-22T01:20:18","date_gmt":"2024-10-21T23:20:18","guid":{"rendered":"https:\/\/ngref-group.com\/?post_type=product&#038;p=1832"},"modified":"2025-03-11T13:40:32","modified_gmt":"2025-03-11T12:40:32","slug":"portes-coulissantes-multi-vantaux-en-classe-ei60-et-ei120","status":"publish","type":"product","link":"https:\/\/ngref-group.com\/fr\/product\/portes-coulissantes\/portes-coulissantes-multi-vantaux-en-classe-ei60-et-ei120\/","title":{"rendered":"Portes coulissantes \u00e0 plusieurs vantaux, classes EI\u00a060 et EI\u00a0120"},"content":{"rendered":"\n<div class=\"wp-block-columns is-layout-flex wp-container-core-columns-is-layout-9d6595d7 wp-block-columns-is-layout-flex\">\n<div class=\"wp-block-column is-layout-flow wp-block-column-is-layout-flow\" style=\"flex-basis:47%\"><h1 class=\"has-link-color wp-elements-40678fbf2fc249e5fa3e86886423ec82 wp-block-post-title has-text-color has-primary-orange-color\">Portes coulissantes \u00e0 plusieurs vantaux, classes EI\u00a060 et EI\u00a0120<\/h1>\n\n\n<p>Les portes coulissantes \u00e0 deux vantaux \u00e0 rencontre et les portes coulissantes t\u00e9lescopiques coupe-feu de classe EI sont une solution r\u00e9pandue qui assure la protection contre le feu le rayonnement thermique.<\/p>\n\n\n\n<p>Elles peuvent \u00eatre \u00e9quip\u00e9es de portes de s\u00e9curi\u00e9 sans seuil.<\/p>\n\n\n\n<p>La construction du produit et son \u00e9quippement permettent une fermeture automatique et s\u00e9curis\u00e9e par gravit\u00e9 qui est actionn\u00e9e par le rel\u00e2chement de l\u2019\u00e9lectro-aimant.<\/p>\n\n\n\n<p>Nos coulissantes peuvent \u00eatre contr\u00f4l\u00e9es par un coffret de commande muni de batteries ce qui rend possible leur raccordement au syst\u00e8me de s\u00e9curit\u00e9 incendie (SSI).\u2028<\/p>\n<\/div>\n\n\n\n<div class=\"wp-block-column is-vertically-aligned-center is-layout-flow wp-block-column-is-layout-flow\" style=\"flex-basis:53%\">\n\n<div class=\"product-image\">\n  <img loading=\"lazy\" decoding=\"async\" width=\"1440\" height=\"861\" src=\"data:image\/png;base64,iVBORw0KGgoAAAANSUhEUgAAAAEAAAABCAQAAAC1HAwCAAAAC0lEQVR42mP8Xw8AAoMBgDTD2qgAAAAASUVORK5CYII=\" class=\"attachment-medium size-medium landscape\" alt=\"\" srcset=\"https:\/\/ngref-group.com\/wp-content\/uploads\/2024\/10\/teleskopowa-2skrzydlowa_2-3-1440x861.jpg 1440w, https:\/\/ngref-group.com\/wp-content\/uploads\/2024\/10\/teleskopowa-2skrzydlowa_2-3-768x459.jpg 768w, https:\/\/ngref-group.com\/wp-content\/uploads\/2024\/10\/teleskopowa-2skrzydlowa_2-3.jpg 1515w\" sizes=\"auto, (max-width: 1440px) 100vw, 1440px\" data-srcset=\"https:\/\/ngref-group.com\/wp-content\/uploads\/2024\/10\/teleskopowa-2skrzydlowa_2-3-1440x861.jpg 1440w, https:\/\/ngref-group.com\/wp-content\/uploads\/2024\/10\/teleskopowa-2skrzydlowa_2-3-768x459.jpg 768w, https:\/\/ngref-group.com\/wp-content\/uploads\/2024\/10\/teleskopowa-2skrzydlowa_2-3.jpg 1515w\" data-src=\"https:\/\/ngref-group.com\/wp-content\/uploads\/2024\/10\/teleskopowa-2skrzydlowa_2-3-1440x861.jpg\" \/>\n  <div class=\"product-image__items\">\n          <div class=\"product-image__item\" style=\"top:16%;left:42%;\">\n        <span>\n          SIMPLICIT\u00c9 DE FONCTIONNEMENT        <\/span>\n      <\/div>\n          <div class=\"product-image__item is-right\" style=\"top: 44%;right: 48%;\">\n        <span>\n          CONSTRUCTION SOLIDE        <\/span>\n      <\/div>\n          <div class=\"product-image__item is-right\" style=\"top:68%;right:35%;\">\n        <span>\n          RACCORDEMENT AU SSI POSSIBLE        <\/span>\n      <\/div>\n      <\/div>\n<\/div><\/div>\n<\/div>\n\n\n\n<h2 class=\"wp-block-heading has-primary-orange-color has-text-color has-link-color wp-elements-65fb96edc057e279224b01fa3b78f826\">Caract\u00e9ristiques du produit<\/h2>\n\n\n\n<ul class=\"wp-block-list is-style-table\">\n<li>Variantes&nbsp;: t\u00e9lescopique ou \u00e0 deux vantaux \u00e0 rencontre<\/li>\n\n\n\n<li>Maintien en position ouverte (\u00e9lectro-aimant)<\/li>\n\n\n\n<li>Ralentisseur et\/ou amortisseur<\/li>\n\n\n\n<li>Passage pi\u00e9ton sans seuil (en option)<\/li>\n\n\n\n<li>Possibilit\u00e9 de raccordement au SSI<\/li>\n<\/ul>\n\n\n\n<hr class=\"wp-block-separator has-text-color has-gray-color has-alpha-channel-opacity has-gray-background-color has-background is-style-wide\"\/>\n\n\n\n<div class=\"wp-block-columns is-layout-flex wp-container-core-columns-is-layout-9d6595d7 wp-block-columns-is-layout-flex\">\n<div class=\"wp-block-column has-gray-background-color has-background is-layout-flow wp-block-column-is-layout-flow\" style=\"flex-basis:60%\">\n<h2 class=\"wp-block-heading has-primary-orange-color has-text-color has-link-color wp-elements-ce61da77ee35322d9685345b8edc7d33\">Sp\u00e9cification<\/h2>\n\n\n\n<figure class=\"wp-block-table is-style-spec\"><table class=\"has-fixed-layout\"><tbody><tr><td>TYPE DE PRODUIT<br><\/td><td>Portes coulissantes \u00e0 deux vantaux \u00e0 rencontre, portes coulissantes t\u00e9lescopiques<\/td><\/tr><tr><td>SENS DE MOUVEMENT<br><\/td><td>Horizontal<\/td><\/tr><tr><td>FONCTION<\/td><td>Fermeture de baies dans les parois verticales des b\u00e2timents<\/td><\/tr><tr><td>CLASSE DE R\u00c9SISTANCE<br><\/td><td>EI 60, EI 120<\/td><\/tr><tr><td>DOCUMENTS D\u2019APPROBATION<\/td><td>CE&nbsp;: 0370-CPR-6565, 0370-CPR-3945 et 0370-CPR-3947 d\u00e9livr\u00e9s par Applus (n\u00b0 0370)<\/td><\/tr><tr><td>NORMES RESPECT\u00c9ES<\/td><td>EN 16034, EN 13241<\/td><\/tr><tr><td>POIDS DU PANNEAU<br><\/td><td>21 &#8211; 26 kg\/m2<\/td><\/tr><tr><td>COULEUR DU PANNEAU<\/td><td>RAL&nbsp;7035, RAL&nbsp;9002 ou RAL&nbsp;9010<\/td><\/tr><tr><td>FERRURES DU PANNEAU, <br>PI\u00c8CES EN ACIER<\/td><td>Galvanis\u00e9es<\/td><\/tr><tr><td>DIMENSIONS<\/td><td>CE&nbsp;: L.&nbsp;5&nbsp;280&nbsp;mm x H.&nbsp;5&nbsp;100&nbsp;mm<\/td><\/tr><tr><td>ENCOMBREMENTS MINIMAUX<\/td><td>PORTES \u00c0 2\u00a0VANTAUX \u00c0 RENCONTRE\u00a0:<br>Linteau : 320 mm<br>C\u00f4t\u00e9 contrepoids\u00a0: 1\/2 de la largeur baie + 615\u00a0mm<br>C\u00f4t\u00e9 oppos\u00e9\u00a0: 1\/2 de la largeur baie +\u00a0170\u00a0mm<br><br>PORTES T\u00c9LESCOPIQUES\u00a0:<br>Linteau\u00a0: 325 mm<br>But\u00e9e de r\u00e9ception\u00a0: 250\u00a0mm<br>C\u00f4t\u00e9 stationnement porte\u00a0: largeur baie +\u00a0125\u00a0mm<\/td><\/tr><\/tbody><\/table><\/figure>\n<\/div>\n\n\n\n<div class=\"wp-block-column is-layout-flow wp-block-column-is-layout-flow\" style=\"flex-basis:40%\">\n<h2 class=\"wp-block-heading\">Options<\/h2>\n\n\n\n<ul class=\"wp-block-list is-style-cross\">\n<li>D\u00e9clencheurs manuels d\u2019alarme incendie,<br>signalisation optique et sonore,<br>d\u00e9tecteurs de fum\u00e9e<\/li>\n\n\n\n<li>Thermolaquage des \u00e9l\u00e9ments en m\u00e9tal<br>en couleur de votre choix (palette RAL)<\/li>\n\n\n\n<li>Thermolaquage anti-corrosion,<br>classes de C3 \u00e0 C5<\/li>\n\n\n\n<li>Fabrication en acier inoxydable<\/li>\n\n\n\n<li>Motorisation \u00e9lectrique pour faciliter <br>l\u2019ouverture de la porte<\/li>\n\n\n\n<li>Fusible thermique pour remplacer<br>l\u2019\u00e9lectro-aimant<\/li>\n<\/ul>\n<\/div>\n<\/div>\n\n\n\n<p><\/p>\n","protected":false},"excerpt":{"rendered":"<p>Les portes coulissantes \u00e0 deux vantaux \u00e0 rencontre et les portes coulissantes t\u00e9lescopiques coupe-feu de classe EI sont une solution r\u00e9pandue qui assure la protection contre le feu le rayonnement thermique. Elles peuvent \u00eatre \u00e9quip\u00e9es de portes de s\u00e9curi\u00e9 sans seuil. La construction du produit et son \u00e9quippement permettent une fermeture automatique et s\u00e9curis\u00e9e par [&hellip;]<\/p>\n","protected":false},"featured_media":1852,"parent":1786,"menu_order":2,"template":"","meta":{"_acf_changed":false,"footnotes":""},"tags":[],"class_list":["post-1832","product","type-product","status-publish","has-post-thumbnail","hentry"],"acf":[],"aioseo_notices":[],"_links":{"self":[{"href":"https:\/\/ngref-group.com\/fr\/wp-json\/wp\/v2\/product\/1832","targetHints":{"allow":["GET"]}}],"collection":[{"href":"https:\/\/ngref-group.com\/fr\/wp-json\/wp\/v2\/product"}],"about":[{"href":"https:\/\/ngref-group.com\/fr\/wp-json\/wp\/v2\/types\/product"}],"version-history":[{"count":28,"href":"https:\/\/ngref-group.com\/fr\/wp-json\/wp\/v2\/product\/1832\/revisions"}],"predecessor-version":[{"id":4578,"href":"https:\/\/ngref-group.com\/fr\/wp-json\/wp\/v2\/product\/1832\/revisions\/4578"}],"up":[{"embeddable":true,"href":"https:\/\/ngref-group.com\/fr\/wp-json\/wp\/v2\/product\/1786"}],"wp:featuredmedia":[{"embeddable":true,"href":"https:\/\/ngref-group.com\/fr\/wp-json\/wp\/v2\/media\/1852"}],"wp:attachment":[{"href":"https:\/\/ngref-group.com\/fr\/wp-json\/wp\/v2\/media?parent=1832"}],"wp:term":[{"taxonomy":"post_tag","embeddable":true,"href":"https:\/\/ngref-group.com\/fr\/wp-json\/wp\/v2\/tags?post=1832"}],"curies":[{"name":"wp","href":"https:\/\/api.w.org\/{rel}","templated":true}]}}