{"id":2030,"date":"2024-09-11T21:29:21","date_gmt":"2024-09-11T19:29:21","guid":{"rendered":"https:\/\/ngref-group.com\/?post_type=product&#038;p=2030"},"modified":"2025-03-11T14:49:13","modified_gmt":"2025-03-11T13:49:13","slug":"rideaux-roulants","status":"publish","type":"product","link":"https:\/\/ngref-group.com\/fr\/product\/rideaux-roulants\/","title":{"rendered":"Rideaux textiles \u00e0 enroulement"},"content":{"rendered":"\n<div class=\"wp-block-media-text has-media-on-the-right is-stacked-on-mobile\"><div class=\"wp-block-media-text__content\">\n<h2 class=\"wp-block-heading has-text-align-left\">Rideaux textiles \u00e0 enroulement<\/h2>\n\n\n\n<p>Les rideaux textiles \u00e0 enroulement sont destin\u00e9s aux projets o\u00f9 l\u2019esth\u00e9tique, le poids et l\u2019encombrement limit\u00e9 du produit comptent le plus.<\/p>\n\n\n\n<p>Tous les produits ont \u00e9t\u00e9 test\u00e9s suivant les normes EN\u00a016034 et EN\u00a013241 et poss\u00e8dent des certificats de constance des performances (CE). Les classes de r\u00e9sistance au feu E, EW et EI de 60 \u00e0 120\u00a0minutes y sont prononc\u00e9es*.<\/p>\n\n\n\n<p>Poss\u00e9dant une gamme vari\u00e9e de rideaux et proposant un \u00e9ventail d\u2019options de finition consid\u00e9rable, nous pouvons vous offrir un produit final bien adapt\u00e9 aux exigences du client et aux contraintes du projet.<\/p>\n\n\n\n<p>Conform\u00e9ment aux pr\u00e9conisations en mati\u00e8re de s\u00e9curit\u00e9 incendie, nos rideaux ferment par \u00e9nergie intrins\u00e8que (descente gravitaire sans alimentation). Ceci est possible gr\u00e2ce \u00e0 l\u2019utilisation des moteurs con\u00e7us pour les syst\u00e8mes de protection contre les fum\u00e9es et les incendies.<\/p>\n\n\n\n<p class=\"has-small-font-size\">*En fonction du produit<\/p>\n<\/div><figure class=\"wp-block-media-text__media\"><img loading=\"lazy\" decoding=\"async\" width=\"818\" height=\"905\" src=\"https:\/\/ngref-group.com\/wp-content\/uploads\/2024\/10\/kurtyny-rolowane.png\" alt=\"\" class=\"wp-image-453 size-full\" srcset=\"https:\/\/ngref-group.com\/wp-content\/uploads\/2024\/10\/kurtyny-rolowane.png 818w, https:\/\/ngref-group.com\/wp-content\/uploads\/2024\/10\/kurtyny-rolowane-768x850.png 768w\" sizes=\"auto, (max-width: 818px) 100vw, 818px\" \/><\/figure><\/div>\n\n\n\n<div class=\"wp-block-columns is-layout-flex wp-container-core-columns-is-layout-9d6595d7 wp-block-columns-is-layout-flex\">\n<div class=\"wp-block-column is-layout-flow wp-block-column-is-layout-flow\">\n<h3 class=\"wp-block-heading\">SOLUTION POUR :<\/h3>\n\n\n\n<ul class=\"wp-block-list\">\n<li>\u00c9tablissements culturels et installations de loisirs<\/li>\n\n\n\n<li>H\u00f4tels et immeubles de bureaux<\/li>\n\n\n\n<li>Parkings souterrains ou ferm\u00e9s<\/li>\n\n\n\n<li>B\u00e2timents de grande surface<\/li>\n\n\n\n<li>Terminaux d\u2019a\u00e9roport<\/li>\n<\/ul>\n<\/div>\n\n\n\n<div class=\"wp-block-column is-layout-flow wp-block-column-is-layout-flow\">\n<h3 class=\"wp-block-heading\">NOS RIDEAUX TEXTILES \u00c0 ENROULEMENT&nbsp;:<\/h3>\n\n\n<ul class=\"child-pages\">\n\n    <li class=\"child-pages__item\">\n    <a class=\"button button--small button--outline is-download\" href=\"https:\/\/ngref-group.com\/fr\/product\/rideaux-roulants\/rideau-a-simple-plan-dans-la-classe-ei\/\"\n      title=\"Rideau simple-toile de classe EI\u00a0\">\n      <span>Rideau simple-toile de classe EI\u00a0<\/span>\n      <svg>\n        <use href=\"#icon-arrow-left\"><\/use>\n      <\/svg>\n    <\/a>\n  <\/li>\n    <li class=\"child-pages__item\">\n    <a class=\"button button--small button--outline is-download\" href=\"https:\/\/ngref-group.com\/fr\/product\/rideaux-roulants\/rideau-a-double-plan-dans-la-classe-ei\/\"\n      title=\"Rideau double-toile de classe EI\">\n      <span>Rideau double-toile de classe EI<\/span>\n      <svg>\n        <use href=\"#icon-arrow-left\"><\/use>\n      <\/svg>\n    <\/a>\n  <\/li>\n    <li class=\"child-pages__item\">\n    <a class=\"button button--small button--outline is-download\" href=\"https:\/\/ngref-group.com\/fr\/product\/rideaux-roulants\/rideaux-dans-la-classe-ew\/\"\n      title=\"Rideaux simple-toile de classe EW\">\n      <span>Rideaux simple-toile de classe EW<\/span>\n      <svg>\n        <use href=\"#icon-arrow-left\"><\/use>\n      <\/svg>\n    <\/a>\n  <\/li>\n    <li class=\"child-pages__item\">\n    <a class=\"button button--small button--outline is-download\" href=\"https:\/\/ngref-group.com\/fr\/product\/rideaux-roulants\/rideau-dans-la-classe-e\/\"\n      title=\"Rideau simple-toile de classe E\">\n      <span>Rideau simple-toile de classe E<\/span>\n      <svg>\n        <use href=\"#icon-arrow-left\"><\/use>\n      <\/svg>\n    <\/a>\n  <\/li>\n  <\/ul>\n\n\n<\/div>\n<\/div>\n","protected":false},"excerpt":{"rendered":"<p>Rideaux textiles \u00e0 enroulement Les rideaux textiles \u00e0 enroulement sont destin\u00e9s aux projets o\u00f9 l\u2019esth\u00e9tique, le poids et l\u2019encombrement limit\u00e9 du produit comptent le plus. Tous les produits ont \u00e9t\u00e9 test\u00e9s suivant les normes EN\u00a016034 et EN\u00a013241 et poss\u00e8dent des certificats de constance des performances (CE). Les classes de r\u00e9sistance au feu E, EW et [&hellip;]<\/p>\n","protected":false},"featured_media":2037,"parent":0,"menu_order":0,"template":"","meta":{"_acf_changed":false,"footnotes":""},"tags":[],"class_list":["post-2030","product","type-product","status-publish","has-post-thumbnail","hentry"],"acf":[],"aioseo_notices":[],"_links":{"self":[{"href":"https:\/\/ngref-group.com\/fr\/wp-json\/wp\/v2\/product\/2030","targetHints":{"allow":["GET"]}}],"collection":[{"href":"https:\/\/ngref-group.com\/fr\/wp-json\/wp\/v2\/product"}],"about":[{"href":"https:\/\/ngref-group.com\/fr\/wp-json\/wp\/v2\/types\/product"}],"version-history":[{"count":5,"href":"https:\/\/ngref-group.com\/fr\/wp-json\/wp\/v2\/product\/2030\/revisions"}],"predecessor-version":[{"id":4581,"href":"https:\/\/ngref-group.com\/fr\/wp-json\/wp\/v2\/product\/2030\/revisions\/4581"}],"wp:featuredmedia":[{"embeddable":true,"href":"https:\/\/ngref-group.com\/fr\/wp-json\/wp\/v2\/media\/2037"}],"wp:attachment":[{"href":"https:\/\/ngref-group.com\/fr\/wp-json\/wp\/v2\/media?parent=2030"}],"wp:term":[{"taxonomy":"post_tag","embeddable":true,"href":"https:\/\/ngref-group.com\/fr\/wp-json\/wp\/v2\/tags?post=2030"}],"curies":[{"name":"wp","href":"https:\/\/api.w.org\/{rel}","templated":true}]}}