{"id":2200,"date":"2024-10-21T13:28:19","date_gmt":"2024-10-21T11:28:19","guid":{"rendered":"https:\/\/ngref-group.com\/?post_type=product&#038;p=2200"},"modified":"2025-05-08T14:27:07","modified_gmt":"2025-05-08T12:27:07","slug":"rideau-a-simple-plan-dans-la-classe-ei","status":"publish","type":"product","link":"https:\/\/ngref-group.com\/fr\/product\/rideaux-roulants\/rideau-a-simple-plan-dans-la-classe-ei\/","title":{"rendered":"Rideau simple-toile de classe EI\u00a0"},"content":{"rendered":"\n<div class=\"wp-block-columns is-layout-flex wp-container-core-columns-is-layout-9d6595d7 wp-block-columns-is-layout-flex\">\n<div class=\"wp-block-column is-layout-flow wp-block-column-is-layout-flow\"><h1 class=\"has-link-color wp-elements-40678fbf2fc249e5fa3e86886423ec82 wp-block-post-title has-text-color has-primary-orange-color\">Rideau simple-toile de classe EI\u00a0<\/h1>\n\n\n<p>Ultral\u00e9gers et souples, nos rideaux coupe-feu de classe EI sont une solution moderne et ils constituent une protection contre le feu et le rayonnement thermique.<\/p>\n\n\n\n<p>L\u2019utilisation des moteurs con\u00e7us pour les syst\u00e8mes de protection contre les incendies assure une fermeture par gravit\u00e9 de nos rideaux. Ainsi, ils descendent m\u00eame quand l\u2019alimentation est coup\u00e9e. De plus, le syst\u00e8me de parachute permet une descente s\u00fbre et contr\u00f4l\u00e9e.<\/p>\n\n\n\n<p>Le raccordement de nos rideaux \u00e0 un SSI (syst\u00e8me de s\u00e9curit\u00e9 incendie) est possible \u00e0 travers un coffret de commande muni de batteries.<\/p>\n<\/div>\n\n\n\n<div class=\"wp-block-column is-layout-flow wp-block-column-is-layout-flow\">\n\n<div class=\"product-image\">\n  <img loading=\"lazy\" decoding=\"async\" width=\"1038\" height=\"1146\" src=\"data:image\/png;base64,iVBORw0KGgoAAAANSUhEUgAAAAEAAAABCAQAAAC1HAwCAAAAC0lEQVR42mP8Xw8AAoMBgDTD2qgAAAAASUVORK5CYII=\" class=\"attachment-medium size-medium portrait\" alt=\"\" srcset=\"https:\/\/ngref-group.com\/wp-content\/uploads\/2024\/10\/Kurtyna_jednoplaszczowa_w_klasie_EI.jpg 1038w, https:\/\/ngref-group.com\/wp-content\/uploads\/2024\/10\/Kurtyna_jednoplaszczowa_w_klasie_EI-768x848.jpg 768w\" sizes=\"auto, (max-width: 1038px) 100vw, 1038px\" data-srcset=\"https:\/\/ngref-group.com\/wp-content\/uploads\/2024\/10\/Kurtyna_jednoplaszczowa_w_klasie_EI.jpg 1038w, https:\/\/ngref-group.com\/wp-content\/uploads\/2024\/10\/Kurtyna_jednoplaszczowa_w_klasie_EI-768x848.jpg 768w\" data-src=\"https:\/\/ngref-group.com\/wp-content\/uploads\/2024\/10\/Kurtyna_jednoplaszczowa_w_klasie_EI.jpg\" \/>\n  <div class=\"product-image__items\">\n          <div class=\"product-image__item\" style=\"top:26%;left: 32%;\">\n        <span>\n          SIMPLICIT\u00c9 DE FONCTIONNEMENT        <\/span>\n      <\/div>\n          <div class=\"product-image__item is-right\" style=\"top:39%;right:44%;\">\n        <span>\n          CONSTRUCTION SOLIDE        <\/span>\n      <\/div>\n          <div class=\"product-image__item is-right\" style=\"top:58%;right:31%;\">\n        <span>\n          RACCORDEMENT AU SSI POSIIBLE        <\/span>\n      <\/div>\n          <div class=\"product-image__item\" style=\"top:75%;left:38%;\">\n        <span>\n          \u00c9TANCH\u00c9IT\u00c9 AU FEU \u00c9LEV\u00c9E        <\/span>\n      <\/div>\n      <\/div>\n<\/div><\/div>\n<\/div>\n\n\n\n<h2 class=\"wp-block-heading has-primary-orange-color has-text-color has-link-color wp-elements-65fb96edc057e279224b01fa3b78f826\">Caract\u00e9ristiques du produit<\/h2>\n\n\n\n<ul class=\"wp-block-list is-style-table\">\n<li>Structure ultral\u00e9g\u00e8re<\/li>\n\n\n\n<li>Fermeture par gravit\u00e9<\/li>\n\n\n\n<li>Design avec des plaques r\u00e9sistantes au feu<\/li>\n\n\n\n<li>Raccordement au SSI possible<\/li>\n<\/ul>\n\n\n\n<hr class=\"wp-block-separator has-text-color has-gray-color has-alpha-channel-opacity has-gray-background-color has-background is-style-wide\"\/>\n\n\n\n<div class=\"wp-block-columns is-layout-flex wp-container-core-columns-is-layout-9d6595d7 wp-block-columns-is-layout-flex\">\n<div class=\"wp-block-column has-gray-background-color has-background is-layout-flow wp-block-column-is-layout-flow\" style=\"flex-basis:60%\">\n<h2 class=\"wp-block-heading has-primary-orange-color has-text-color has-link-color wp-elements-ce61da77ee35322d9685345b8edc7d33\">Sp\u00e9cification<\/h2>\n\n\n\n<figure class=\"wp-block-table is-style-spec\"><table class=\"has-fixed-layout\"><tbody><tr><td>TYPE DE PRODUIT<\/td><td>Rideaux textiles simple-toile \u00e0 enroulement<\/td><\/tr><tr><td>SENS DE MOUVEMENT<\/td><td>Vertical<\/td><\/tr><tr><td>FONCTION<\/td><td>Fermeture de baies dans les parois verticales des b\u00e2timents<\/td><\/tr><tr><td>CLASSE DE R\u00c9SISTANCE<\/td><td>EI 120<\/td><\/tr><tr><td>DOCUMENTS D\u2019APPROBATION<\/td><td>CE&nbsp;: 1396-CPR-0203 d\u00e9livr\u00e9 par Fires (n\u00b0 1396)<\/td><\/tr><tr><td>NORMES RESPECT\u00c9ES<\/td><td>EN 16034, EN 13241<\/td><\/tr><tr><td>POIDS DE LA TOILE<\/td><td>8,5 kg\/m2<\/td><\/tr><tr><td>DIMENSIONS<\/td><td>CE\u00a0: L.\u00a012\u00a0000\u00a0mm x H.\u00a08\u00a0000\u00a0mm<\/td><\/tr><tr><td>ENCOMBREMENTS MINIMAUX<\/td><td>Linteau (coffre)\u00a0: 475 mm<br>C\u00f4t\u00e9s (coulisses)\u00a0: 200\u00a0mm<\/td><\/tr><\/tbody><\/table><\/figure>\n<\/div>\n\n\n\n<div class=\"wp-block-column is-layout-flow wp-block-column-is-layout-flow\" style=\"flex-basis:40%\">\n<h2 class=\"wp-block-heading\">Options<\/h2>\n\n\n\n<ul class=\"wp-block-list is-style-cross\">\n<li>D\u00e9clencheurs manuels d\u2019alarme incendie,<br>signalisation optique et sonore,<br>d\u00e9tecteurs de fum\u00e9e<\/li>\n\n\n\n<li>Thermolaquage des \u00e9l\u00e9ments en m\u00e9tal <br>en couleur de votre choix (palette RAL)<\/li>\n\n\n\n<li>Thermolaquage anti-corrosion, <br>classes de C3 \u00e0 C5<\/li>\n\n\n\n<li>Fabrication en acier inoxydable<\/li>\n\n\n\n<li>Barre palpeuse<\/li>\n\n\n\n<li>Fabrication dans les classes d\u2019\u00e9tanch\u00e9it\u00e9 \u00e0 la fum\u00e9e Sa et\/ou S200*<br><em>*En fonction du produit<\/em><\/li>\n\n\n\n<li>Fabrication en cat\u00e9gorie d\u2019usage C2<\/li>\n<\/ul>\n<\/div>\n<\/div>\n","protected":false},"excerpt":{"rendered":"<p>Ultral\u00e9gers et souples, nos rideaux coupe-feu de classe EI sont une solution moderne et ils constituent une protection contre le feu et le rayonnement thermique. L\u2019utilisation des moteurs con\u00e7us pour les syst\u00e8mes de protection contre les incendies assure une fermeture par gravit\u00e9 de nos rideaux. Ainsi, ils descendent m\u00eame quand l\u2019alimentation est coup\u00e9e. De plus, [&hellip;]<\/p>\n","protected":false},"featured_media":2202,"parent":2030,"menu_order":1,"template":"","meta":{"_acf_changed":false,"footnotes":""},"tags":[],"class_list":["post-2200","product","type-product","status-publish","has-post-thumbnail","hentry"],"acf":[],"aioseo_notices":[],"_links":{"self":[{"href":"https:\/\/ngref-group.com\/fr\/wp-json\/wp\/v2\/product\/2200","targetHints":{"allow":["GET"]}}],"collection":[{"href":"https:\/\/ngref-group.com\/fr\/wp-json\/wp\/v2\/product"}],"about":[{"href":"https:\/\/ngref-group.com\/fr\/wp-json\/wp\/v2\/types\/product"}],"version-history":[{"count":23,"href":"https:\/\/ngref-group.com\/fr\/wp-json\/wp\/v2\/product\/2200\/revisions"}],"predecessor-version":[{"id":4935,"href":"https:\/\/ngref-group.com\/fr\/wp-json\/wp\/v2\/product\/2200\/revisions\/4935"}],"up":[{"embeddable":true,"href":"https:\/\/ngref-group.com\/fr\/wp-json\/wp\/v2\/product\/2030"}],"wp:featuredmedia":[{"embeddable":true,"href":"https:\/\/ngref-group.com\/fr\/wp-json\/wp\/v2\/media\/2202"}],"wp:attachment":[{"href":"https:\/\/ngref-group.com\/fr\/wp-json\/wp\/v2\/media?parent=2200"}],"wp:term":[{"taxonomy":"post_tag","embeddable":true,"href":"https:\/\/ngref-group.com\/fr\/wp-json\/wp\/v2\/tags?post=2200"}],"curies":[{"name":"wp","href":"https:\/\/api.w.org\/{rel}","templated":true}]}}