{"id":1475,"date":"2024-09-10T11:29:38","date_gmt":"2024-09-10T09:29:38","guid":{"rendered":"https:\/\/ngref-group.com\/?page_id=1475"},"modified":"2025-05-11T22:16:01","modified_gmt":"2025-05-11T20:16:01","slug":"di-noi","status":"publish","type":"page","link":"https:\/\/ngref-group.com\/it\/di-noi\/","title":{"rendered":"Su di noi"},"content":{"rendered":"\n<div class=\"wp-block-group alignfull is-style-about is-layout-constrained wp-block-group-is-layout-constrained\"><div class=\"wp-block-group__inner-container\">\n<div class=\"wp-block-media-text is-vertically-aligned-center\"><figure class=\"wp-block-media-text__media\"><img loading=\"lazy\" decoding=\"async\" width=\"1287\" height=\"1280\" src=\"https:\/\/ngref-group.com\/wp-content\/uploads\/2024\/12\/about-header-1.png\" alt=\"\" class=\"wp-image-1449 size-full\" srcset=\"https:\/\/ngref-group.com\/wp-content\/uploads\/2024\/12\/about-header-1.png 1287w, https:\/\/ngref-group.com\/wp-content\/uploads\/2024\/12\/about-header-1-768x764.png 768w\" sizes=\"auto, (max-width: 1287px) 100vw, 1287px\" \/><\/figure><div class=\"wp-block-media-text__content\">\n<h2 class=\"wp-block-heading has-primary-orange-color has-text-color has-link-color wp-elements-5ac4f3a27bcccf52b701fb1f1e62b884\">LA NOSTRA ATTIVIT\u00c0 SI BASA SULLA PASSIONE PER L&#8217;INNOVAZIONE<\/h2>\n\n\n\n<p>Essere leader nel campo della sicurezza antincendio \u00e8 un grande impegno, per questo il nostro dipartimento di ricerca investe costantemente in innovazione e formazione.<\/p>\n\n\n\n<p>Cerchiamo soluzioni utilizzando le tecnologie pi\u00f9 avanzate \u2013 garantendo il massimo standard di protezione contro i rischi di incendio.<\/p>\n\n\n\n<p class=\"mobile-hidden\"><strong>Le nostre innovazioni nascono dalla flessibilit\u00e0.<\/strong><\/p>\n\n\n\n<blockquote class=\"wp-block-quote has-text-align-right is-style-default is-layout-flow wp-block-quote-is-layout-flow\">\n<p class=\"has-text-align-center\">Norbert Ga\u0144czarek-Ra\u0142<\/p>\n\n\n\n<p class=\"has-text-align-center has-small-font-size\">Fondatore NGR EF<\/p>\n<\/blockquote>\n<\/div><\/div>\n\n\n\n<p class=\"desktop-hidden\">Essere leader nel campo della sicurezza antincendio \u00e8 un grande impegno, per questo il nostro dipartimento di ricerca investe costantemente in innovazione e formazione.<\/p>\n\n\n\n<p><\/p>\n\n\n\n<p class=\"desktop-hidden\">Le nostre innovazioni nascono dalla flessibilit\u00e0.<\/p>\n<\/div><\/div>\n\n\n\n<div class=\"wp-block-group is-style-grid is-style-timeline-header is-layout-constrained wp-block-group-is-layout-constrained\"><div class=\"wp-block-group__inner-container\">\n<h2 class=\"wp-block-heading\">STORIA DELL&#8217;AZIENDA NGR EF<\/h2>\n\n\n\n<p>Fasi chiave dello sviluppo e risultati<\/p>\n<\/div><\/div>\n\n\n\n<div class=\"wp-block-group is-style-history is-layout-constrained wp-block-group-is-layout-constrained\"><div class=\"wp-block-group__inner-container\">\n<div class=\"wp-block-columns are-vertically-aligned-center is-layout-flex wp-container-core-columns-is-layout-9d6595d7 wp-block-columns-is-layout-flex\">\n<div class=\"wp-block-column is-vertically-aligned-center mobile-hidden is-layout-flow wp-block-column-is-layout-flow\">\n<figure class=\"wp-block-image size-full\"><img loading=\"lazy\" decoding=\"async\" width=\"1280\" height=\"853\" src=\"https:\/\/ngref-group.com\/wp-content\/uploads\/2024\/10\/h1-Large.jpeg\" alt=\"\" class=\"wp-image-677\" srcset=\"https:\/\/ngref-group.com\/wp-content\/uploads\/2024\/10\/h1-Large.jpeg 1280w, https:\/\/ngref-group.com\/wp-content\/uploads\/2024\/10\/h1-Large-768x512.jpeg 768w\" sizes=\"auto, (max-width: 1280px) 100vw, 1280px\" \/><\/figure>\n<\/div>\n\n\n\n<div class=\"wp-block-column is-vertically-aligned-center is-layout-flow wp-block-column-is-layout-flow\">\n<h3 class=\"wp-block-heading\">2002<\/h3>\n\n\n\n<p><strong>Inizio dell&#8217;attivit\u00e0<\/strong><\/p>\n\n\n\n<figure class=\"wp-block-image size-full desktop-hidden\"><img loading=\"lazy\" decoding=\"async\" width=\"1280\" height=\"853\" src=\"https:\/\/ngref-group.com\/wp-content\/uploads\/2024\/10\/h1-Large.jpeg\" alt=\"\" class=\"wp-image-677\" srcset=\"https:\/\/ngref-group.com\/wp-content\/uploads\/2024\/10\/h1-Large.jpeg 1280w, https:\/\/ngref-group.com\/wp-content\/uploads\/2024\/10\/h1-Large-768x512.jpeg 768w\" sizes=\"auto, (max-width: 1280px) 100vw, 1280px\" \/><\/figure>\n\n\n\n<p>Il gruppo NGR EF \u00e8 composto da due entit\u00e0: EF Polska e NGR Technologie.<\/p>\n\n\n\n<p>Il primo, EF Polska, ha origini dalla societ\u00e0 italo-tedesca Effertz Polska, fondata nel 2002, che era distributore di porte antincendio, in cui Norbert Ga\u0144czarek-Ra\u0142 era socio di minoranza.<\/p>\n<\/div>\n<\/div>\n\n\n\n<div class=\"wp-block-columns are-vertically-aligned-center is-layout-flex wp-container-core-columns-is-layout-9d6595d7 wp-block-columns-is-layout-flex\">\n<div class=\"wp-block-column is-vertically-aligned-center is-layout-flow wp-block-column-is-layout-flow\">\n<h3 class=\"wp-block-heading\">2006<\/h3>\n\n\n\n<p><strong>Inizio NGR Tecnologie<\/strong><\/p>\n\n\n\n<figure class=\"wp-block-image size-full desktop-hidden\"><img loading=\"lazy\" decoding=\"async\" width=\"1366\" height=\"385\" src=\"https:\/\/ngref-group.com\/wp-content\/uploads\/2025\/05\/NGR-logo-pomarancz-pl.jpg\" alt=\"\" class=\"wp-image-4955\" srcset=\"https:\/\/ngref-group.com\/wp-content\/uploads\/2025\/05\/NGR-logo-pomarancz-pl.jpg 1366w, https:\/\/ngref-group.com\/wp-content\/uploads\/2025\/05\/NGR-logo-pomarancz-pl-768x216.jpg 768w\" sizes=\"auto, (max-width: 1366px) 100vw, 1366px\" \/><\/figure>\n\n\n\n<p>Parallelamente, nel 2006 \u00e8 stata fondata NGR Technologie come entit\u00e0 in cui venivano sviluppate nuove tipologie di porte e tende antincendio.<\/p>\n\n\n\n<p>Gli esperti dell&#8217;azienda hanno progettato e messo in vendita la porta scorrevole antincendio della serie N. Il prodotto ha avuto un successo di vendita in Europa.<\/p>\n\n\n\n<p>Sempre nel 2006, NGR Technologie ha brevettato e messo in vendita la prima tenda tagliafuoco al mondo nella classe EI 120. Per molti anni non c&#8217;era una soluzione alternativa competitiva sul mercato.<\/p>\n<\/div>\n\n\n\n<div class=\"wp-block-column is-vertically-aligned-center is-layout-flow wp-block-column-is-layout-flow\">\n<figure class=\"wp-block-image size-full mobile-hidden\"><img loading=\"lazy\" decoding=\"async\" width=\"1366\" height=\"385\" src=\"https:\/\/ngref-group.com\/wp-content\/uploads\/2025\/05\/NGR-logo-pomarancz-pl.jpg\" alt=\"\" class=\"wp-image-4955\" srcset=\"https:\/\/ngref-group.com\/wp-content\/uploads\/2025\/05\/NGR-logo-pomarancz-pl.jpg 1366w, https:\/\/ngref-group.com\/wp-content\/uploads\/2025\/05\/NGR-logo-pomarancz-pl-768x216.jpg 768w\" sizes=\"auto, (max-width: 1366px) 100vw, 1366px\" \/><\/figure>\n<\/div>\n<\/div>\n\n\n\n<div class=\"wp-block-columns is-layout-flex wp-container-core-columns-is-layout-9d6595d7 wp-block-columns-is-layout-flex\">\n<div class=\"wp-block-column is-layout-flow wp-block-column-is-layout-flow\"><\/div>\n\n\n\n<div class=\"wp-block-column is-layout-flow wp-block-column-is-layout-flow\">\n<h3 class=\"wp-block-heading\">2010<\/h3>\n\n\n\n<p>EF Polska come azienda con capitale 100% polacco<\/p>\n\n\n\n<p>Nel 2010, l&#8217;azienda NGR Technologie ha acquisito la totalit\u00e0 delle quote della societ\u00e0 Effertz Polska, che \u00e8 diventata un&#8217;impresa con capitale 100% polacco sotto il nuovo nome di EF Polska.<\/p>\n\n\n\n<p>Da allora \u00e8 iniziata una dinamica espansione nei mercati internazionali. Scandinavia, Francia, Italia, Spagna, Germania, Grecia, Romania, Croazia, Qatar &#8211; sono i mercati in cui entrambe le aziende hanno costruito una rete di vendita con grande successo nel corso degli anni.<\/p>\n<\/div>\n<\/div>\n\n\n\n<div class=\"wp-block-columns is-layout-flex wp-container-core-columns-is-layout-9d6595d7 wp-block-columns-is-layout-flex\">\n<div class=\"wp-block-column item-2019 is-layout-flow wp-block-column-is-layout-flow\">\n<h3 class=\"wp-block-heading\">2019<\/h3>\n\n\n\n<p><strong>Scambio di licenze con il Gruppo spagnolo Mecosa.<\/strong><\/p>\n\n\n\n<figure class=\"wp-block-image size-full desktop-hidden\"><img loading=\"lazy\" decoding=\"async\" width=\"801\" height=\"483\" src=\"https:\/\/ngref-group.com\/wp-content\/uploads\/2024\/10\/IMG_5136_1S-1.jpg\" alt=\"\" class=\"wp-image-679\" srcset=\"https:\/\/ngref-group.com\/wp-content\/uploads\/2024\/10\/IMG_5136_1S-1.jpg 801w, https:\/\/ngref-group.com\/wp-content\/uploads\/2024\/10\/IMG_5136_1S-1-768x463.jpg 768w\" sizes=\"auto, (max-width: 801px) 100vw, 801px\" \/><\/figure>\n\n\n\n<p>Nel 2019, dopo lo scambio di licenze con il gruppo spagnolo Mecosa, l&#8217;azienda ha ampliato significativamente la sua offerta di porte scorrevoli antincendio.<\/p>\n\n\n\n<figure class=\"wp-block-image size-full mobile-hidden\"><img loading=\"lazy\" decoding=\"async\" width=\"801\" height=\"483\" src=\"https:\/\/ngref-group.com\/wp-content\/uploads\/2024\/10\/IMG_5136_1S-1.jpg\" alt=\"\" class=\"wp-image-679\" srcset=\"https:\/\/ngref-group.com\/wp-content\/uploads\/2024\/10\/IMG_5136_1S-1.jpg 801w, https:\/\/ngref-group.com\/wp-content\/uploads\/2024\/10\/IMG_5136_1S-1-768x463.jpg 768w\" sizes=\"auto, (max-width: 801px) 100vw, 801px\" \/><\/figure>\n<\/div>\n\n\n\n<div class=\"wp-block-column is-layout-flow wp-block-column-is-layout-flow\">\n<h3 class=\"wp-block-heading\">2021<\/h3>\n\n\n\n<p><strong>Inizio dell&#8217;azienda italiana EF Italia<\/strong><\/p>\n\n\n\n<figure class=\"wp-block-image size-full desktop-hidden\"><img loading=\"lazy\" decoding=\"async\" width=\"1800\" height=\"1200\" src=\"https:\/\/ngref-group.com\/wp-content\/uploads\/2024\/10\/8a9eb1185d41d59dbf1b50f549b4d49d.jpeg\" alt=\"\" class=\"wp-image-680\" srcset=\"https:\/\/ngref-group.com\/wp-content\/uploads\/2024\/10\/8a9eb1185d41d59dbf1b50f549b4d49d.jpeg 1800w, https:\/\/ngref-group.com\/wp-content\/uploads\/2024\/10\/8a9eb1185d41d59dbf1b50f549b4d49d-1440x960.jpeg 1440w, https:\/\/ngref-group.com\/wp-content\/uploads\/2024\/10\/8a9eb1185d41d59dbf1b50f549b4d49d-768x512.jpeg 768w, https:\/\/ngref-group.com\/wp-content\/uploads\/2024\/10\/8a9eb1185d41d59dbf1b50f549b4d49d-1536x1024.jpeg 1536w\" sizes=\"auto, (max-width: 1800px) 100vw, 1800px\" \/><\/figure>\n\n\n\n<p>Per ottimizzare le consegne in base alla distanza dal cliente, l&#8217;azienda NGR Technologie ha avviato impianti di produzione in Spagna e aperto un centro logistico in Italia.<\/p>\n\n\n\n<p>Nel 2021 \u00e8 stata fondata l&#8217;azienda EF Italia.<\/p>\n\n\n\n<figure class=\"wp-block-image size-full mobile-hidden\"><img loading=\"lazy\" decoding=\"async\" width=\"1800\" height=\"1200\" src=\"https:\/\/ngref-group.com\/wp-content\/uploads\/2024\/10\/8a9eb1185d41d59dbf1b50f549b4d49d.jpeg\" alt=\"\" class=\"wp-image-680\" srcset=\"https:\/\/ngref-group.com\/wp-content\/uploads\/2024\/10\/8a9eb1185d41d59dbf1b50f549b4d49d.jpeg 1800w, https:\/\/ngref-group.com\/wp-content\/uploads\/2024\/10\/8a9eb1185d41d59dbf1b50f549b4d49d-1440x960.jpeg 1440w, https:\/\/ngref-group.com\/wp-content\/uploads\/2024\/10\/8a9eb1185d41d59dbf1b50f549b4d49d-768x512.jpeg 768w, https:\/\/ngref-group.com\/wp-content\/uploads\/2024\/10\/8a9eb1185d41d59dbf1b50f549b4d49d-1536x1024.jpeg 1536w\" sizes=\"auto, (max-width: 1800px) 100vw, 1800px\" \/><\/figure>\n<\/div>\n<\/div>\n\n\n\n<div class=\"wp-block-columns is-layout-flex wp-container-core-columns-is-layout-9d6595d7 wp-block-columns-is-layout-flex\">\n<div class=\"wp-block-column item-2022 is-layout-flow wp-block-column-is-layout-flow\">\n<h3 class=\"wp-block-heading\">2022<\/h3>\n\n\n\n<p>La fusione societaria delle aziende NGR Technologie e Gruppo Mecosa<\/p>\n\n\n\n<p>Nel giugno 2022 le aziende si sono fuse a livello di capitale, portando cos\u00ec la quota del gruppo nel mercato europeo a oltre il 10%.<\/p>\n<\/div>\n\n\n\n<div class=\"wp-block-column is-layout-flow wp-block-column-is-layout-flow\"><\/div>\n<\/div>\n<\/div><\/div>\n\n\n\n<div class=\"wp-block-group is-style-offer has-gray-background-color has-background is-layout-constrained wp-block-group-is-layout-constrained\"><div class=\"wp-block-group__inner-container\">\n<div class=\"wp-block-columns is-layout-flex wp-container-core-columns-is-layout-9d6595d7 wp-block-columns-is-layout-flex\">\n<div class=\"wp-block-column is-vertically-aligned-center is-layout-flow wp-block-column-is-layout-flow\" style=\"flex-basis:30%\">\n<h2 class=\"wp-block-heading\">Offerta<\/h2>\n<\/div>\n\n\n\n<div class=\"wp-block-column is-layout-flow wp-block-column-is-layout-flow\" style=\"flex-basis:35%\">\n<p>Scopri le nostre soluzioni innovative antincendio, antiproiettile e insonorizzanti.<\/p>\n<\/div>\n\n\n\n<div class=\"wp-block-column is-vertically-aligned-center is-layout-flow wp-block-column-is-layout-flow\" style=\"flex-basis:35%\">\n<div class=\"wp-block-buttons is-content-justification-center is-layout-flex wp-container-core-buttons-is-layout-16018d1d wp-block-buttons-is-layout-flex\">\n<div class=\"wp-block-button\"><a class=\"wp-block-button__link wp-element-button\" href=\"https:\/\/ngref-group.com\/it\/offerta\/\">SCOPRI LE NOSTRE SOLUZIONI<\/a><\/div>\n<\/div>\n<\/div>\n<\/div>\n<\/div><\/div>\n","protected":false},"excerpt":{"rendered":"<p>LA NOSTRA ATTIVIT\u00c0 SI BASA SULLA PASSIONE PER L&#8217;INNOVAZIONE Essere leader nel campo della sicurezza antincendio \u00e8 un grande impegno, per questo il nostro dipartimento di ricerca investe costantemente in innovazione e formazione. Cerchiamo soluzioni utilizzando le tecnologie pi\u00f9 avanzate \u2013 garantendo il massimo standard di protezione contro i rischi di incendio. Le nostre innovazioni [&hellip;]<\/p>\n","protected":false},"author":4,"featured_media":0,"parent":0,"menu_order":0,"comment_status":"closed","ping_status":"closed","template":"","meta":{"_acf_changed":false,"footnotes":""},"class_list":["post-1475","page","type-page","status-publish","hentry"],"acf":[],"aioseo_notices":[],"_links":{"self":[{"href":"https:\/\/ngref-group.com\/it\/wp-json\/wp\/v2\/pages\/1475","targetHints":{"allow":["GET"]}}],"collection":[{"href":"https:\/\/ngref-group.com\/it\/wp-json\/wp\/v2\/pages"}],"about":[{"href":"https:\/\/ngref-group.com\/it\/wp-json\/wp\/v2\/types\/page"}],"author":[{"embeddable":true,"href":"https:\/\/ngref-group.com\/it\/wp-json\/wp\/v2\/users\/4"}],"replies":[{"embeddable":true,"href":"https:\/\/ngref-group.com\/it\/wp-json\/wp\/v2\/comments?post=1475"}],"version-history":[{"count":8,"href":"https:\/\/ngref-group.com\/it\/wp-json\/wp\/v2\/pages\/1475\/revisions"}],"predecessor-version":[{"id":4966,"href":"https:\/\/ngref-group.com\/it\/wp-json\/wp\/v2\/pages\/1475\/revisions\/4966"}],"wp:attachment":[{"href":"https:\/\/ngref-group.com\/it\/wp-json\/wp\/v2\/media?parent=1475"}],"curies":[{"name":"wp","href":"https:\/\/api.w.org\/{rel}","templated":true}]}}