{"id":1743,"date":"2024-09-11T21:31:13","date_gmt":"2024-09-11T19:31:13","guid":{"rendered":"https:\/\/ngref-group.com\/?post_type=product&#038;p=1743"},"modified":"2025-01-21T13:10:16","modified_gmt":"2025-01-21T12:10:16","slug":"porte-a-ghigliottina","status":"publish","type":"product","link":"https:\/\/ngref-group.com\/it\/product\/porte-a-ghigliottina\/","title":{"rendered":"Porte a ghigliottina"},"content":{"rendered":"\n<div class=\"wp-block-media-text has-media-on-the-right is-stacked-on-mobile\"><div class=\"wp-block-media-text__content\">\n<h2 class=\"wp-block-heading\">Porte a ghigliottina<\/h2>\n\n\n\n<p>Le porte a ghigliottina si caratterizzano per la semplicit\u00e0 di funzionamento e l&#8217;affidabilit\u00e0. Sono destinate a essere utilizzate dove \u00e8 presente un architrave adeguatamente alto.<\/p>\n\n\n\n<p>Tutti i prodotti sono stati testati secondo le normative EN 16034 ed EN 13241 e sono dotati di certificati di costanza delle propriet\u00e0 d&#8217;uso (CE) rilasciati per le classi di resistenza al fuoco EI da 60 a 180 minuti.<\/p>\n\n\n\n<p>L&#8217;ampia gamma di porte, varianti e opzioni di finitura consente di adattare il prodotto finale alle esigenze del progetto e del cliente.<\/p>\n\n\n\n<p>Porte con chiusura a gravit\u00e0 secondo le linee guida antincendio.<br>\u2028<br>\u2028<\/p>\n<\/div><figure class=\"wp-block-media-text__media\"><img loading=\"lazy\" decoding=\"async\" width=\"593\" height=\"1215\" src=\"https:\/\/ngref-group.com\/wp-content\/uploads\/2024\/10\/bramy-gilotynowe.png\" alt=\"\" class=\"wp-image-456 size-full\"\/><\/figure><\/div>\n\n\n\n<div class=\"wp-block-columns is-layout-flex wp-container-core-columns-is-layout-9d6595d7 wp-block-columns-is-layout-flex\">\n<div class=\"wp-block-column is-layout-flow wp-block-column-is-layout-flow\" style=\"flex-basis:40%\">\n<h3 class=\"wp-block-heading\">SOLUZIONE PER:<\/h3>\n\n\n\n<ul class=\"wp-block-list\">\n<li>edifici commerciali e industriali<\/li>\n\n\n\n<li>centri logistici<\/li>\n\n\n\n<li>edifici di pubblica utilit\u00e0<\/li>\n\n\n\n<li>edifici di grandi superficie<\/li>\n<\/ul>\n<\/div>\n\n\n\n<div class=\"wp-block-column is-layout-flow wp-block-column-is-layout-flow\" style=\"flex-basis:60%\">\n<h3 class=\"wp-block-heading\">MODELLI DI PORTONI A GHILOTINA:<\/h3>\n\n\n<ul class=\"child-pages\">\n\n    <li class=\"child-pages__item\">\n    <a class=\"button button--small button--outline is-download\" href=\"https:\/\/ngref-group.com\/it\/product\/porte-a-ghigliottina\/portoni-a-ghigliottina-a-unanta-nelle-classi-ei-60-ei-120-ei-180\/\"\n      title=\"Portoni a ghigliottina ad un'anta nelle classi EI 60, EI 120, EI 180\">\n      <span>Portoni a ghigliottina ad un&#8217;anta nelle classi EI 60, EI 120, EI 180<\/span>\n      <svg>\n        <use href=\"#icon-arrow-left\"><\/use>\n      <\/svg>\n    <\/a>\n  <\/li>\n    <li class=\"child-pages__item\">\n    <a class=\"button button--small button--outline is-download\" href=\"https:\/\/ngref-group.com\/it\/product\/porte-a-ghigliottina\/porta-a-ghigliottina-a-piu-ante-nella-classe-ei-60-ei-120\/\"\n      title=\"Porta a ghigliottina a pi\u00f9 ante nella classe EI 60, EI 120\">\n      <span>Porta a ghigliottina a pi\u00f9 ante nella classe EI 60, EI 120<\/span>\n      <svg>\n        <use href=\"#icon-arrow-left\"><\/use>\n      <\/svg>\n    <\/a>\n  <\/li>\n  <\/ul>\n\n\n<\/div>\n<\/div>\n","protected":false},"excerpt":{"rendered":"<p>Porte a ghigliottina Le porte a ghigliottina si caratterizzano per la semplicit\u00e0 di funzionamento e l&#8217;affidabilit\u00e0. Sono destinate a essere utilizzate dove \u00e8 presente un architrave adeguatamente alto. Tutti i prodotti sono stati testati secondo le normative EN 16034 ed EN 13241 e sono dotati di certificati di costanza delle propriet\u00e0 d&#8217;uso (CE) rilasciati per [&hellip;]<\/p>\n","protected":false},"featured_media":1750,"parent":0,"menu_order":0,"template":"","meta":{"_acf_changed":false,"footnotes":""},"tags":[],"class_list":["post-1743","product","type-product","status-publish","has-post-thumbnail","hentry"],"acf":[],"aioseo_notices":[],"_links":{"self":[{"href":"https:\/\/ngref-group.com\/it\/wp-json\/wp\/v2\/product\/1743","targetHints":{"allow":["GET"]}}],"collection":[{"href":"https:\/\/ngref-group.com\/it\/wp-json\/wp\/v2\/product"}],"about":[{"href":"https:\/\/ngref-group.com\/it\/wp-json\/wp\/v2\/types\/product"}],"version-history":[{"count":2,"href":"https:\/\/ngref-group.com\/it\/wp-json\/wp\/v2\/product\/1743\/revisions"}],"predecessor-version":[{"id":3539,"href":"https:\/\/ngref-group.com\/it\/wp-json\/wp\/v2\/product\/1743\/revisions\/3539"}],"wp:featuredmedia":[{"embeddable":true,"href":"https:\/\/ngref-group.com\/it\/wp-json\/wp\/v2\/media\/1750"}],"wp:attachment":[{"href":"https:\/\/ngref-group.com\/it\/wp-json\/wp\/v2\/media?parent=1743"}],"wp:term":[{"taxonomy":"post_tag","embeddable":true,"href":"https:\/\/ngref-group.com\/it\/wp-json\/wp\/v2\/tags?post=1743"}],"curies":[{"name":"wp","href":"https:\/\/api.w.org\/{rel}","templated":true}]}}